{"id":1135,"date":"2018-08-07T08:36:51","date_gmt":"2018-08-07T08:36:51","guid":{"rendered":""},"modified":"2025-01-13T23:41:21","modified_gmt":"2025-01-13T23:41:21","slug":"contacto","status":"publish","type":"page","link":"https:\/\/wphconsultores.cl\/en\/contacto\/","title":{"rendered":"Contact us"},"content":{"rendered":"<p>[vc_row full_width=&#8221;stretch_row&#8221; background_color=&#8221;custom&#8221; overlay_background=&#8221;custom&#8221; overlay_opacity=&#8221;50&#8243; background_image=&#8221;5750&#8243; custom_background_color=&#8221;#222222&#8243;][vc_column][tm_spacer size=&#8221;sm:150;lg:161&#8243;][tm_heading custom_google_font=&#8221;&#8221; align=&#8221;center&#8221; text_color=&#8221;custom&#8221; custom_text_color=&#8221;#ffffff&#8221; text=&#8221;Contact us&#8221; font_size=&#8221;xs:32;sm:40;md:48;lg:56&#8243; line_height=&#8221;1.42&#8243; max_width=&#8221;740px&#8221;][tm_spacer size=&#8221;sm:150;lg:161&#8243;][\/vc_column][\/vc_row][vc_row lg_spacing=&#8221;padding_top:106;padding_bottom:96&#8243;][vc_column][tm_grid columns=&#8221;xs:1;sm:2;md:3;lg:3&#8243; column_gutter=&#8221;lg:30&#8243; row_gutter=&#8221;lg:50&#8243;][tm_box_icon style=&#8221;05&#8243; align=&#8221;center&#8221; heading=&#8221;Call us&#8221; text=&#8221;(+56 9) 9799 9533&#8243; image=&#8221;5713&#8243; box_link=&#8221;url:tel%3A%2B56997999533|target:_blank&#8221;][tm_box_icon style=&#8221;05&#8243; align=&#8221;center&#8221; heading=&#8221;Write us&#8221; text=&#8221;contacto@wphconsultores.cl&#8221; image=&#8221;5712&#8243; box_link=&#8221;url:mailto%3Acontacto%40wphconsultores.cl|target:_blank&#8221;][tm_box_icon style=&#8221;05&#8243; align=&#8221;center&#8221; heading=&#8221;Follow us&#8221; text=&#8221;Linkedin&#8221; image=&#8221;5714&#8243; link=&#8221;url:https%3A%2F%2Fwww.linkedin.com%2Fin%2Fwph-consultores-ltda-01aa29109%2F|target:_blank&#8221; box_link=&#8221;url:https%3A%2F%2Fwww.linkedin.com%2Fcompany%2F77764333%2F|target:_blank&#8221;][\/tm_grid][\/vc_column][\/vc_row][vc_row full_width=&#8221;stretch_row&#8221; background_color=&#8221;custom&#8221; custom_background_color=&#8221;#f5f5f5&#8243;][vc_column][tm_spacer size=&#8221;sm:50;lg:50&#8243;][vc_row_inner][vc_column_inner custom_border_color=&#8221;#eaeaea&#8221; content_alignment=&#8221;center&#8221; max_width=&#8221;700px&#8221;][tm_heading custom_google_font=&#8221;&#8221; align=&#8221;center&#8221; text=&#8221;Contact Form&#8221; font_size=&#8221;sm:18;md:21;lg:24&#8243; line_height=&#8221;1.59&#8243;][tm_spacer size=&#8221;lg:20&#8243;][tm_heading custom_google_font=&#8221;&#8221; align=&#8221;center&#8221; text=&#8221;If you want to contact us please write a message and we will contact you.&#8221; font_size=&#8221;lg:18&#8243; line_height=&#8221;1.59&#8243;][tm_spacer size=&#8221;lg:37&#8243;][tm_contact_form_7 id=&#8221;661&#8243; style=&#8221;02&#8243;][\/vc_column_inner][\/vc_row_inner][tm_spacer size=&#8221;lg:50&#8243;][tm_separator style=&#8221;thin-line&#8221; custom_border_color=&#8221;#0a0a0a&#8221;][tm_spacer size=&#8221;lg:50&#8243;][vc_row_inner][vc_column_inner content_alignment=&#8221;center&#8221; max_width=&#8221;700px&#8221;][tm_heading custom_google_font=&#8221;&#8221; align=&#8221;center&#8221; text=&#8221;Work with us&#8221; font_size=&#8221;sm:18;md:21;lg:24&#8243; line_height=&#8221;1.59&#8243;][tm_heading custom_google_font=&#8221;&#8221; align=&#8221;center&#8221; text=&#8221;If you want to join the WPH Consultores team, contact us and send your CV.<br \/>\n(Registration form with the possibility of uploading PDF)&#8221; font_size=&#8221;lg:18&#8243; line_height=&#8221;1.59&#8243;][tm_spacer size=&#8221;lg:37&#8243;][tm_contact_form_7 id=&#8221;4527&#8243; style=&#8221;02&#8243;][\/vc_column_inner][\/vc_row_inner][tm_spacer size=&#8221;lg:50&#8243;][\/vc_column][\/vc_row]<\/p>\n","protected":false},"excerpt":{"rendered":"<p>[vc_row full_width=&#8221;stretch_row&#8221; background_color=&#8221;custom&#8221; overlay_background=&#8221;custom&#8221; overlay_opacity=&#8221;50&#8243; background_image=&#8221;5750&#8243; custom_background_color=&#8221;#222222&#8243;][vc_column][tm_spacer size=&#8221;sm:150;lg:161&#8243;][tm_heading custom_google_font=&#8221;&#8221; align=&#8221;center&#8221; text_color=&#8221;custom&#8221; custom_text_color=&#8221;#ffffff&#8221; text=&#8221;Contact us&#8221; font_size=&#8221;xs:32;sm:40;md:48;lg:56&#8243; line_height=&#8221;1.42&#8243; max_width=&#8221;740px&#8221;][tm_spacer size=&#8221;sm:150;lg:161&#8243;][\/vc_column][\/vc_row][vc_row lg_spacing=&#8221;padding_top:106;padding_bottom:96&#8243;][vc_column][tm_grid columns=&#8221;xs:1;sm:2;md:3;lg:3&#8243; column_gutter=&#8221;lg:30&#8243; row_gutter=&#8221;lg:50&#8243;][tm_box_icon style=&#8221;05&#8243; align=&#8221;center&#8221; heading=&#8221;Call us&#8221; text=&#8221;(+56 9) 9799 9533&#8243; image=&#8221;5713&#8243; box_link=&#8221;url:tel%3A%2B56997999533|target:_blank&#8221;][tm_box_icon style=&#8221;05&#8243; align=&#8221;center&#8221; heading=&#8221;Write us&#8221; text=&#8221;contacto@wphconsultores.cl&#8221; image=&#8221;5712&#8243; box_link=&#8221;url:mailto%3Acontacto%40wphconsultores.cl|target:_blank&#8221;][tm_box_icon style=&#8221;05&#8243; align=&#8221;center&#8221; heading=&#8221;Follow us&#8221; text=&#8221;Linkedin&#8221; image=&#8221;5714&#8243; link=&#8221;url:https%3A%2F%2Fwww.linkedin.com%2Fin%2Fwph-consultores-ltda-01aa29109%2F|target:_blank&#8221; box_link=&#8221;url:https%3A%2F%2Fwww.linkedin.com%2Fcompany%2F77764333%2F|target:_blank&#8221;][\/tm_grid][\/vc_column][\/vc_row][vc_row full_width=&#8221;stretch_row&#8221; background_color=&#8221;custom&#8221; custom_background_color=&#8221;#f5f5f5&#8243;][vc_column][tm_spacer size=&#8221;sm:50;lg:50&#8243;][vc_row_inner][vc_column_inner custom_border_color=&#8221;#eaeaea&#8221; content_alignment=&#8221;center&#8221; max_width=&#8221;700px&#8221;][tm_heading custom_google_font=&#8221;&#8221; align=&#8221;center&#8221; text=&#8221;Contact Form&#8221; font_size=&#8221;sm:18;md:21;lg:24&#8243; line_height=&#8221;1.59&#8243;][tm_spacer size=&#8221;lg:20&#8243;][tm_heading custom_google_font=&#8221;&#8221; align=&#8221;center&#8221; text=&#8221;If you want to contact us please write a message and we will contact you.&#8221; font_size=&#8221;lg:18&#8243; line_height=&#8221;1.59&#8243;][tm_spacer size=&#8221;lg:37&#8243;][tm_contact_form_7 id=&#8221;661&#8243; style=&#8221;02&#8243;][\/vc_column_inner][\/vc_row_inner][tm_spacer size=&#8221;lg:50&#8243;][tm_separator style=&#8221;thin-line&#8221; custom_border_color=&#8221;#0a0a0a&#8221;][tm_spacer size=&#8221;lg:50&#8243;][vc_row_inner][vc_column_inner content_alignment=&#8221;center&#8221; max_width=&#8221;700px&#8221;][tm_heading custom_google_font=&#8221;&#8221; align=&#8221;center&#8221; text=&#8221;Work with us&#8221; font_size=&#8221;sm:18;md:21;lg:24&#8243; line_height=&#8221;1.59&#8243;][tm_heading custom_google_font=&#8221;&#8221; align=&#8221;center&#8221; text=&#8221;If you want to join the WPH Consultores team, contact us and send your CV. (Registration form with the possibility of uploading PDF)&#8221; font_size=&#8221;lg:18&#8243; line_height=&#8221;1.59&#8243;][tm_spacer size=&#8221;lg:37&#8243;][tm_contact_form_7 id=&#8221;4527&#8243; style=&#8221;02&#8243;][\/vc_column_inner][\/vc_row_inner][tm_spacer size=&#8221;lg:50&#8243;][\/vc_column][\/vc_row]<\/p>\n","protected":false},"author":1,"featured_media":0,"parent":0,"menu_order":0,"comment_status":"closed","ping_status":"closed","template":"","meta":{"footnotes":""},"class_list":["post-1135","page","type-page","status-publish","hentry","post-no-thumbnail"],"yoast_head":"<!-- This site is optimized with the Yoast SEO plugin v18.7 - https:\/\/yoast.com\/wordpress\/plugins\/seo\/ -->\n<title>Contact us - Wph Consultores<\/title>\n<meta name=\"robots\" content=\"index, follow, max-snippet:-1, max-image-preview:large, max-video-preview:-1\" \/>\n<link rel=\"canonical\" href=\"https:\/\/wphconsultores.cl\/en\/contacto\/\" \/>\n<meta property=\"og:locale\" content=\"en_US\" \/>\n<meta property=\"og:locale:alternate\" content=\"es_ES\" \/>\n<meta property=\"og:type\" content=\"article\" \/>\n<meta property=\"og:title\" content=\"Contact us\" \/>\n<meta property=\"og:description\" content=\"[vc_row full_width=&#8221;stretch_row&#8221; background_color=&#8221;custom&#8221; overlay_background=&#8221;custom&#8221; overlay_opacity=&#8221;50&#8243; background_image=&#8221;5750&#8243; custom_background_color=&#8221;#222222&#8243;][vc_column][tm_spacer size=&#8221;sm:150;lg:161&#8243;][tm_heading custom_google_font=&#8221;&#8221; align=&#8221;center&#8221; text_color=&#8221;custom&#8221; custom_text_color=&#8221;#ffffff&#8221; text=&#8221;Contact us&#8221; font_size=&#8221;xs:32;sm:40;md:48;lg:56&#8243; line_height=&#8221;1.42&#8243; max_width=&#8221;740px&#8221;][tm_spacer size=&#8221;sm:150;lg:161&#8243;][\/vc_column][\/vc_row][vc_row lg_spacing=&#8221;padding_top:106;padding_bottom:96&#8243;][vc_column][tm_grid columns=&#8221;xs:1;sm:2;md:3;lg:3&#8243; column_gutter=&#8221;lg:30&#8243; row_gutter=&#8221;lg:50&#8243;][tm_box_icon style=&#8221;05&#8243; align=&#8221;center&#8221; heading=&#8221;Call us&#8221; text=&#8221;(+56 9) 9799 9533&#8243; image=&#8221;5713&#8243; box_link=&#8221;url:tel%3A%2B56997999533|target:_blank&#8221;][tm_box_icon style=&#8221;05&#8243; align=&#8221;center&#8221; heading=&#8221;Write us&#8221; text=&#8221;contacto@wphconsultores.cl&#8221; image=&#8221;5712&#8243; box_link=&#8221;url:mailto%3Acontacto%40wphconsultores.cl|target:_blank&#8221;][tm_box_icon style=&#8221;05&#8243; align=&#8221;center&#8221; heading=&#8221;Follow us&#8221; text=&#8221;Linkedin&#8221; image=&#8221;5714&#8243; link=&#8221;url:https%3A%2F%2Fwww.linkedin.com%2Fin%2Fwph-consultores-ltda-01aa29109%2F|target:_blank&#8221; box_link=&#8221;url:https%3A%2F%2Fwww.linkedin.com%2Fcompany%2F77764333%2F|target:_blank&#8221;][\/tm_grid][\/vc_column][\/vc_row][vc_row full_width=&#8221;stretch_row&#8221; background_color=&#8221;custom&#8221; custom_background_color=&#8221;#f5f5f5&#8243;][vc_column][tm_spacer size=&#8221;sm:50;lg:50&#8243;][vc_row_inner][vc_column_inner custom_border_color=&#8221;#eaeaea&#8221; content_alignment=&#8221;center&#8221; max_width=&#8221;700px&#8221;][tm_heading custom_google_font=&#8221;&#8221; align=&#8221;center&#8221; text=&#8221;Contact Form&#8221; font_size=&#8221;sm:18;md:21;lg:24&#8243; line_height=&#8221;1.59&#8243;][tm_spacer size=&#8221;lg:20&#8243;][tm_heading custom_google_font=&#8221;&#8221; align=&#8221;center&#8221; text=&#8221;If you want to contact us please write a message and we will contact you.&#8221; font_size=&#8221;lg:18&#8243; line_height=&#8221;1.59&#8243;][tm_spacer size=&#8221;lg:37&#8243;][tm_contact_form_7 id=&#8221;661&#8243; style=&#8221;02&#8243;][\/vc_column_inner][\/vc_row_inner][tm_spacer size=&#8221;lg:50&#8243;][tm_separator style=&#8221;thin-line&#8221; custom_border_color=&#8221;#0a0a0a&#8221;][tm_spacer size=&#8221;lg:50&#8243;][vc_row_inner][vc_column_inner content_alignment=&#8221;center&#8221; max_width=&#8221;700px&#8221;][tm_heading custom_google_font=&#8221;&#8221; align=&#8221;center&#8221; text=&#8221;Work with us&#8221; font_size=&#8221;sm:18;md:21;lg:24&#8243; line_height=&#8221;1.59&#8243;][tm_heading custom_google_font=&#8221;&#8221; align=&#8221;center&#8221; text=&#8221;If you want to join the WPH Consultores team, contact us and send your CV. (Registration form with the possibility of uploading PDF)&#8221; font_size=&#8221;lg:18&#8243; line_height=&#8221;1.59&#8243;][tm_spacer size=&#8221;lg:37&#8243;][tm_contact_form_7 id=&#8221;4527&#8243; style=&#8221;02&#8243;][\/vc_column_inner][\/vc_row_inner][tm_spacer size=&#8221;lg:50&#8243;][\/vc_column][\/vc_row]\" \/>\n<meta property=\"og:url\" content=\"https:\/\/wphconsultores.cl\/en\/contacto\/\" \/>\n<meta property=\"og:site_name\" content=\"Wph Consultores\" \/>\n<meta property=\"article:modified_time\" content=\"2025-01-13T23:41:21+00:00\" \/>\n<meta name=\"twitter:card\" content=\"summary_large_image\" \/>\n<meta name=\"twitter:label1\" content=\"Est. reading time\" \/>\n\t<meta name=\"twitter:data1\" content=\"1 minute\" \/>\n<script type=\"application\/ld+json\" class=\"yoast-schema-graph\">{\"@context\":\"https:\/\/schema.org\",\"@graph\":[{\"@type\":\"Organization\",\"@id\":\"https:\/\/wphconsultores.cl\/#organization\",\"name\":\"WPH Consultores\",\"url\":\"https:\/\/wphconsultores.cl\/\",\"sameAs\":[\"https:\/\/www.linkedin.com\/company\/77764333\"],\"logo\":{\"@type\":\"ImageObject\",\"inLanguage\":\"en-US\",\"@id\":\"https:\/\/wphconsultores.cl\/#\/schema\/logo\/image\/\",\"url\":\"https:\/\/wphconsultores.cl\/wp-content\/uploads\/2022\/05\/LOGO-WPH_media.jpg\",\"contentUrl\":\"https:\/\/wphconsultores.cl\/wp-content\/uploads\/2022\/05\/LOGO-WPH_media.jpg\",\"width\":603,\"height\":315,\"caption\":\"WPH Consultores\"},\"image\":{\"@id\":\"https:\/\/wphconsultores.cl\/#\/schema\/logo\/image\/\"}},{\"@type\":\"WebSite\",\"@id\":\"https:\/\/wphconsultores.cl\/#website\",\"url\":\"https:\/\/wphconsultores.cl\/\",\"name\":\"Wph Consultores\",\"description\":\"Consultor\u00eda de Ingenier\u00eda en Recursos h\u00eddricos, Energ\u00eda y Medio Ambiente.\",\"publisher\":{\"@id\":\"https:\/\/wphconsultores.cl\/#organization\"},\"potentialAction\":[{\"@type\":\"SearchAction\",\"target\":{\"@type\":\"EntryPoint\",\"urlTemplate\":\"https:\/\/wphconsultores.cl\/?s={search_term_string}\"},\"query-input\":\"required name=search_term_string\"}],\"inLanguage\":\"en-US\"},{\"@type\":\"WebPage\",\"@id\":\"https:\/\/wphconsultores.cl\/contacto\/#webpage\",\"url\":\"https:\/\/wphconsultores.cl\/contacto\/\",\"name\":\"Contact us\",\"isPartOf\":{\"@id\":\"https:\/\/wphconsultores.cl\/#website\"},\"datePublished\":\"2018-08-07T08:36:51+00:00\",\"dateModified\":\"2025-01-13T23:41:21+00:00\",\"breadcrumb\":{\"@id\":\"https:\/\/wphconsultores.cl\/contacto\/#breadcrumb\"},\"inLanguage\":\"en-US\",\"potentialAction\":[{\"@type\":\"ReadAction\",\"target\":[\"https:\/\/wphconsultores.cl\/contacto\/\"]}]},{\"@type\":\"BreadcrumbList\",\"@id\":\"https:\/\/wphconsultores.cl\/contacto\/#breadcrumb\",\"itemListElement\":[{\"@type\":\"ListItem\",\"position\":1,\"name\":\"Portada\",\"item\":\"https:\/\/wphconsultores.cl\/\"},{\"@type\":\"ListItem\",\"position\":2,\"name\":\"Contacto\"}]}]}<\/script>\n<!-- \/ Yoast SEO plugin. -->","yoast_head_json":{"title":"Contact us - Wph Consultores","robots":{"index":"index","follow":"follow","max-snippet":"max-snippet:-1","max-image-preview":"max-image-preview:large","max-video-preview":"max-video-preview:-1"},"canonical":"https:\/\/wphconsultores.cl\/en\/contacto\/","og_locale":"en_US","og_type":"article","og_title":"[:en]Contact us[:es]Contacto[:] - Wph Consultores","og_description":"[vc_row full_width=&#8221;stretch_row&#8221; background_color=&#8221;custom&#8221; overlay_background=&#8221;custom&#8221; overlay_opacity=&#8221;50&#8243; background_image=&#8221;5750&#8243; custom_background_color=&#8221;#222222&#8243;][vc_column][tm_spacer size=&#8221;sm:150;lg:161&#8243;][tm_heading custom_google_font=&#8221;&#8221; align=&#8221;center&#8221; text_color=&#8221;custom&#8221; custom_text_color=&#8221;#ffffff&#8221; text=&#8221;Contact us&#8221; font_size=&#8221;xs:32;sm:40;md:48;lg:56&#8243; line_height=&#8221;1.42&#8243; max_width=&#8221;740px&#8221;][tm_spacer size=&#8221;sm:150;lg:161&#8243;][\/vc_column][\/vc_row][vc_row lg_spacing=&#8221;padding_top:106;padding_bottom:96&#8243;][vc_column][tm_grid columns=&#8221;xs:1;sm:2;md:3;lg:3&#8243; column_gutter=&#8221;lg:30&#8243; row_gutter=&#8221;lg:50&#8243;][tm_box_icon style=&#8221;05&#8243; align=&#8221;center&#8221; heading=&#8221;Call us&#8221; text=&#8221;(+56 9) 9799 9533&#8243; image=&#8221;5713&#8243; box_link=&#8221;url:tel%3A%2B56997999533|target:_blank&#8221;][tm_box_icon style=&#8221;05&#8243; align=&#8221;center&#8221; heading=&#8221;Write us&#8221; text=&#8221;contacto@wphconsultores.cl&#8221; image=&#8221;5712&#8243; box_link=&#8221;url:mailto%3Acontacto%40wphconsultores.cl|target:_blank&#8221;][tm_box_icon style=&#8221;05&#8243; align=&#8221;center&#8221; heading=&#8221;Follow us&#8221; text=&#8221;Linkedin&#8221; image=&#8221;5714&#8243; link=&#8221;url:https%3A%2F%2Fwww.linkedin.com%2Fin%2Fwph-consultores-ltda-01aa29109%2F|target:_blank&#8221; box_link=&#8221;url:https%3A%2F%2Fwww.linkedin.com%2Fcompany%2F77764333%2F|target:_blank&#8221;][\/tm_grid][\/vc_column][\/vc_row][vc_row full_width=&#8221;stretch_row&#8221; background_color=&#8221;custom&#8221; custom_background_color=&#8221;#f5f5f5&#8243;][vc_column][tm_spacer size=&#8221;sm:50;lg:50&#8243;][vc_row_inner][vc_column_inner custom_border_color=&#8221;#eaeaea&#8221; content_alignment=&#8221;center&#8221; max_width=&#8221;700px&#8221;][tm_heading custom_google_font=&#8221;&#8221; align=&#8221;center&#8221; text=&#8221;Contact Form&#8221; font_size=&#8221;sm:18;md:21;lg:24&#8243; line_height=&#8221;1.59&#8243;][tm_spacer size=&#8221;lg:20&#8243;][tm_heading custom_google_font=&#8221;&#8221; align=&#8221;center&#8221; text=&#8221;If you want to contact us please write a message and we will contact you.&#8221; font_size=&#8221;lg:18&#8243; line_height=&#8221;1.59&#8243;][tm_spacer size=&#8221;lg:37&#8243;][tm_contact_form_7 id=&#8221;661&#8243; style=&#8221;02&#8243;][\/vc_column_inner][\/vc_row_inner][tm_spacer size=&#8221;lg:50&#8243;][tm_separator style=&#8221;thin-line&#8221; custom_border_color=&#8221;#0a0a0a&#8221;][tm_spacer size=&#8221;lg:50&#8243;][vc_row_inner][vc_column_inner content_alignment=&#8221;center&#8221; max_width=&#8221;700px&#8221;][tm_heading custom_google_font=&#8221;&#8221; align=&#8221;center&#8221; text=&#8221;Work with us&#8221; font_size=&#8221;sm:18;md:21;lg:24&#8243; line_height=&#8221;1.59&#8243;][tm_heading custom_google_font=&#8221;&#8221; align=&#8221;center&#8221; text=&#8221;If you want to join the WPH Consultores team, contact us and send your CV. (Registration form with the possibility of uploading PDF)&#8221; font_size=&#8221;lg:18&#8243; line_height=&#8221;1.59&#8243;][tm_spacer size=&#8221;lg:37&#8243;][tm_contact_form_7 id=&#8221;4527&#8243; style=&#8221;02&#8243;][\/vc_column_inner][\/vc_row_inner][tm_spacer size=&#8221;lg:50&#8243;][\/vc_column][\/vc_row]","og_url":"https:\/\/wphconsultores.cl\/en\/contacto\/","og_site_name":"Wph Consultores","article_modified_time":"2025-01-13T23:41:21+00:00","twitter_card":"summary_large_image","twitter_misc":{"Est. reading time":"1 minute"},"schema":{"@context":"https:\/\/schema.org","@graph":[{"@type":"Organization","@id":"https:\/\/wphconsultores.cl\/#organization","name":"WPH Consultores","url":"https:\/\/wphconsultores.cl\/","sameAs":["https:\/\/www.linkedin.com\/company\/77764333"],"logo":{"@type":"ImageObject","inLanguage":"en-US","@id":"https:\/\/wphconsultores.cl\/#\/schema\/logo\/image\/","url":"https:\/\/wphconsultores.cl\/wp-content\/uploads\/2022\/05\/LOGO-WPH_media.jpg","contentUrl":"https:\/\/wphconsultores.cl\/wp-content\/uploads\/2022\/05\/LOGO-WPH_media.jpg","width":603,"height":315,"caption":"WPH Consultores"},"image":{"@id":"https:\/\/wphconsultores.cl\/#\/schema\/logo\/image\/"}},{"@type":"WebSite","@id":"https:\/\/wphconsultores.cl\/#website","url":"https:\/\/wphconsultores.cl\/","name":"Wph Consultores","description":"Consultor\u00eda de Ingenier\u00eda en Recursos h\u00eddricos, Energ\u00eda y Medio Ambiente.","publisher":{"@id":"https:\/\/wphconsultores.cl\/#organization"},"potentialAction":[{"@type":"SearchAction","target":{"@type":"EntryPoint","urlTemplate":"https:\/\/wphconsultores.cl\/?s={search_term_string}"},"query-input":"required name=search_term_string"}],"inLanguage":"en-US"},{"@type":"WebPage","@id":"https:\/\/wphconsultores.cl\/contacto\/#webpage","url":"https:\/\/wphconsultores.cl\/contacto\/","name":"Contact us","isPartOf":{"@id":"https:\/\/wphconsultores.cl\/#website"},"datePublished":"2018-08-07T08:36:51+00:00","dateModified":"2025-01-13T23:41:21+00:00","breadcrumb":{"@id":"https:\/\/wphconsultores.cl\/contacto\/#breadcrumb"},"inLanguage":"en-US","potentialAction":[{"@type":"ReadAction","target":["https:\/\/wphconsultores.cl\/contacto\/"]}]},{"@type":"BreadcrumbList","@id":"https:\/\/wphconsultores.cl\/contacto\/#breadcrumb","itemListElement":[{"@type":"ListItem","position":1,"name":"Portada","item":"https:\/\/wphconsultores.cl\/"},{"@type":"ListItem","position":2,"name":"Contacto"}]}]}},"_links":{"self":[{"href":"https:\/\/wphconsultores.cl\/en\/wp-json\/wp\/v2\/pages\/1135","targetHints":{"allow":["GET"]}}],"collection":[{"href":"https:\/\/wphconsultores.cl\/en\/wp-json\/wp\/v2\/pages"}],"about":[{"href":"https:\/\/wphconsultores.cl\/en\/wp-json\/wp\/v2\/types\/page"}],"author":[{"embeddable":true,"href":"https:\/\/wphconsultores.cl\/en\/wp-json\/wp\/v2\/users\/1"}],"replies":[{"embeddable":true,"href":"https:\/\/wphconsultores.cl\/en\/wp-json\/wp\/v2\/comments?post=1135"}],"version-history":[{"count":41,"href":"https:\/\/wphconsultores.cl\/en\/wp-json\/wp\/v2\/pages\/1135\/revisions"}],"predecessor-version":[{"id":9499,"href":"https:\/\/wphconsultores.cl\/en\/wp-json\/wp\/v2\/pages\/1135\/revisions\/9499"}],"wp:attachment":[{"href":"https:\/\/wphconsultores.cl\/en\/wp-json\/wp\/v2\/media?parent=1135"}],"curies":[{"name":"wp","href":"https:\/\/api.w.org\/{rel}","templated":true}]}}