{"id":5542,"date":"2022-02-15T13:15:52","date_gmt":"2022-02-15T13:15:52","guid":{"rendered":"https:\/\/wphconsultores.cl\/?page_id=5542"},"modified":"2025-12-01T15:55:45","modified_gmt":"2025-12-01T15:55:45","slug":"medio-ambiente","status":"publish","type":"page","link":"https:\/\/wphconsultores.cl\/en\/medio-ambiente\/","title":{"rendered":"Environment"},"content":{"rendered":"<p>[vc_row full_width=&#8221;stretch_row&#8221; background_color=&#8221;custom&#8221; background_size=&#8221;manual&#8221; overlay_background=&#8221;custom&#8221; overlay_opacity=&#8221;40&#8243; background_image=&#8221;9217&#8243; custom_background_color=&#8221;#222222&#8243; background_position=&#8221;center&#8221; background_size_manual=&#8221;100%&#8221;][vc_column][tm_spacer size=&#8221;sm:150;lg:161&#8243;][tm_heading custom_google_font=&#8221;&#8221; align=&#8221;center&#8221; text_color=&#8221;custom&#8221; custom_text_color=&#8221;#ffffff&#8221; text=&#8221;Environment&#8221; font_size=&#8221;xs:32;sm:40;md:48;lg:56&#8243; line_height=&#8221;1.42&#8243; max_width=&#8221;740px&#8221;][tm_spacer size=&#8221;sm:150;lg:161&#8243;][\/vc_column][\/vc_row][vc_row full_width=&#8221;stretch_row_content_no_spaces&#8221;][vc_column][tm_spacer size=&#8221;sm:100;lg:147&#8243;][tm_services_list items=&#8221;%5B%7B%22image%22%3A%225633%22%2C%22title%22%3A%22Environment%22%2C%22text%22%3A%22%3Cul%3E%5Cn%20%5Ct%3Cli%20style%3D%5C%22font-size%3A18px%3B%5C%22%3EBaseline%20environmental%20evaluation%3A%5Cn%20Meteorology%2C%20hydrologyy%2C%20hydraulics.%3C%2Fli%3E%5Cn%20%5Ct%3Cli%20style%3D%5C%22font-size%3A18px%3B%5C%22%3EEnvironmental%20Permits%20and%20Authorizations%20(PAS%20155%2C%20PAS%20156%2C%20and%20PAS%20157).%5Cn%3C%2Fli%3E%5Cn%20%5Ct%3Cli%20style%3D%5C%22font-size%3A18px%3B%5C%22%3EEcological%20flow%20rates%20analisys%20%20(hydrological%20methods).%5Cn%3C%2Fli%3E%5Cn%20%5Ct%3Cli%20style%3D%5C%22font-size%3A18px%3B%5C%22%3EGeological%2C%20meteorological%2C%20and%20hydraulic%20risks.%20%5Cn%3C%2Fli%3E%5Cn%3C%2Ful%3E%22%7D%2C%7B%22image%22%3A%225725%22%2C%22title%22%3A%22Water%20Rights%20and%20governmental%20authorizations%22%2C%22text%22%3A%22%3Cul%3E%5Cn%20%5Ct%3Cli%20style%3D%5C%22font-size%3A18px%3B%5C%22%3EChannel%20modification%20permits%20(Art.141%20and%20Art.171%20C%C3%B3digo%20de%20Aguas).%5Cn%3C%2Fli%3E%5Cn%20%5Ct%3Cli%20style%3D%5C%22font-size%3A18px%3B%5C%22%3EWater%20resource%20estimate%20(consumptive%20and%20no%20consumptive).%5Cn%3C%2Fli%3E%5Cn%20%5Ct%3Cli%20style%3D%5C%22font-size%3A18px%3B%5C%22%3EHydric%20balance%20accorded%20to%20methodology%20employee%20by%20DGA.%5Cn%3C%2Fli%3E%5Cn%20%5Ct%3Cli%20style%3D%5C%22font-size%3A18px%3B%5C%22%3ETechnical%20Information%20for%20water%20rights%20request.%20%5Cn%3C%2Fli%3E%5Cn%20%5Ct%3Cli%20style%3D%5C%22font-size%3A18px%3B%5C%22%3EWater%20rights%20request%20and%20presentation%20plans.%20%5Cn%3C%2Fli%3E%5Cn%20%5Ct%3Cli%20style%3D%5C%22font-size%3A18px%3B%5C%22%3EWater%20Rights%20purchase%20advice%20(consumptives%20and%20no%20consumptive).%5Cn%3C%2Fli%3E%5Cn%3C%2Ful%3E%22%7D%5D&#8221;][tm_spacer size=&#8221;lg:100&#8243;][\/vc_column][\/vc_row][vc_row full_width=&#8221;stretch_row&#8221; content_placement=&#8221;middle&#8221; background_color=&#8221;gradient&#8221; lg_spacing=&#8221;padding_top:38;padding_bottom:38&#8243; background_gradient=&#8221;background: -webkit-gradient(linear, left top, left bottom, color-stop(0%, #0076BB), color-stop(100%, #8BAE34));background: -moz-linear-gradient(left,#0076BB 0%,#8BAE34 100%);background: -webkit-linear-gradient(left,#0076BB 0%,#8BAE34 100%);background: -o-linear-gradient(left,#0076BB 0%,#8BAE34 100%);background: -ms-linear-gradient(left,#0076BB 0%,#8BAE34 100%);background: linear-gradient(left,#0076BB 0%,#8BAE34 100%);&#8221;][vc_column offset=&#8221;vc_col-md-7&#8243;][tm_heading custom_google_font=&#8221;&#8221; font_weight=&#8221;300&#8243; sm_align=&#8221;center&#8221; text_color=&#8221;custom&#8221; custom_text_color=&#8221;#ffffff&#8221; text=&#8221;Specialist consultant in water resources, energy and environment&#8221; font_size=&#8221;lg:28&#8243; line_height=&#8221;1.25&#8243;][tm_spacer size=&#8221;sm:30&#8243;][\/vc_column][vc_column offset=&#8221;vc_col-md-5&#8243;][tm_button style=&#8221;solid&#8221; size=&#8221;custom&#8221; button=&#8221;url:http%3A%2F%2F34.67.96.113%2Fpbh%2Fen%2Fcontacto%2F|title:Contact%20us&#8221; align=&#8221;right&#8221; sm_align=&#8221;center&#8221; color=&#8221;custom&#8221; button_bg_color=&#8221;custom&#8221; font_color=&#8221;custom&#8221; button_border_color=&#8221;custom&#8221; button_bg_color_hover=&#8221;transparent&#8221; font_color_hover=&#8221;custom&#8221; button_border_color_hover=&#8221;custom&#8221; rounded=&#8221;0&#8243; custom_font_color=&#8221;#111111&#8243; custom_button_border_color=&#8221;#ffffff&#8221; box_shadow=&#8221;none&#8221; custom_button_bg_color=&#8221;#ffffff&#8221; custom_button_border_color_hover=&#8221;#ffffff&#8221; custom_font_color_hover=&#8221;#ffffff&#8221; width=&#8221;166&#8243; height=&#8221;55&#8243; border_width=&#8221;2&#8243;][\/vc_column][\/vc_row]<\/p>\n","protected":false},"excerpt":{"rendered":"<p>[vc_row full_width=&#8221;stretch_row&#8221; background_color=&#8221;custom&#8221; background_size=&#8221;manual&#8221; overlay_background=&#8221;custom&#8221; overlay_opacity=&#8221;40&#8243; background_image=&#8221;9217&#8243; custom_background_color=&#8221;#222222&#8243; background_position=&#8221;center&#8221; background_size_manual=&#8221;100%&#8221;][vc_column][tm_spacer size=&#8221;sm:150;lg:161&#8243;][tm_heading custom_google_font=&#8221;&#8221; align=&#8221;center&#8221; text_color=&#8221;custom&#8221; custom_text_color=&#8221;#ffffff&#8221; text=&#8221;Environment&#8221; font_size=&#8221;xs:32;sm:40;md:48;lg:56&#8243; line_height=&#8221;1.42&#8243; max_width=&#8221;740px&#8221;][tm_spacer size=&#8221;sm:150;lg:161&#8243;][\/vc_column][\/vc_row][vc_row full_width=&#8221;stretch_row_content_no_spaces&#8221;][vc_column][tm_spacer size=&#8221;sm:100;lg:147&#8243;][tm_services_list items=&#8221;%5B%7B%22image%22%3A%225633%22%2C%22title%22%3A%22Environment%22%2C%22text%22%3A%22%3Cul%3E%5Cn%20%5Ct%3Cli%20style%3D%5C%22font-size%3A18px%3B%5C%22%3EBaseline%20environmental%20evaluation%3A%5Cn%20Meteorology%2C%20hydrologyy%2C%20hydraulics.%3C%2Fli%3E%5Cn%20%5Ct%3Cli%20style%3D%5C%22font-size%3A18px%3B%5C%22%3EEnvironmental%20Permits%20and%20Authorizations%20(PAS%20155%2C%20PAS%20156%2C%20and%20PAS%20157).%5Cn%3C%2Fli%3E%5Cn%20%5Ct%3Cli%20style%3D%5C%22font-size%3A18px%3B%5C%22%3EEcological%20flow%20rates%20analisys%20%20(hydrological%20methods).%5Cn%3C%2Fli%3E%5Cn%20%5Ct%3Cli%20style%3D%5C%22font-size%3A18px%3B%5C%22%3EGeological%2C%20meteorological%2C%20and%20hydraulic%20risks.%20%5Cn%3C%2Fli%3E%5Cn%3C%2Ful%3E%22%7D%2C%7B%22image%22%3A%225725%22%2C%22title%22%3A%22Water%20Rights%20and%20governmental%20authorizations%22%2C%22text%22%3A%22%3Cul%3E%5Cn%20%5Ct%3Cli%20style%3D%5C%22font-size%3A18px%3B%5C%22%3EChannel%20modification%20permits%20(Art.141%20and%20Art.171%20C%C3%B3digo%20de%20Aguas).%5Cn%3C%2Fli%3E%5Cn%20%5Ct%3Cli%20style%3D%5C%22font-size%3A18px%3B%5C%22%3EWater%20resource%20estimate%20(consumptive%20and%20no%20consumptive).%5Cn%3C%2Fli%3E%5Cn%20%5Ct%3Cli%20style%3D%5C%22font-size%3A18px%3B%5C%22%3EHydric%20balance%20accorded%20to%20methodology%20employee%20by%20DGA.%5Cn%3C%2Fli%3E%5Cn%20%5Ct%3Cli%20style%3D%5C%22font-size%3A18px%3B%5C%22%3ETechnical%20Information%20for%20water%20rights%20request.%20%5Cn%3C%2Fli%3E%5Cn%20%5Ct%3Cli%20style%3D%5C%22font-size%3A18px%3B%5C%22%3EWater%20rights%20request%20and%20presentation%20plans.%20%5Cn%3C%2Fli%3E%5Cn%20%5Ct%3Cli%20style%3D%5C%22font-size%3A18px%3B%5C%22%3EWater%20Rights%20purchase%20advice%20(consumptives%20and%20no%20consumptive).%5Cn%3C%2Fli%3E%5Cn%3C%2Ful%3E%22%7D%5D&#8221;][tm_spacer size=&#8221;lg:100&#8243;][\/vc_column][\/vc_row][vc_row full_width=&#8221;stretch_row&#8221; content_placement=&#8221;middle&#8221; background_color=&#8221;gradient&#8221; lg_spacing=&#8221;padding_top:38;padding_bottom:38&#8243; background_gradient=&#8221;background: -webkit-gradient(linear, left top, left bottom, color-stop(0%, #0076BB), color-stop(100%, #8BAE34));background: -moz-linear-gradient(left,#0076BB 0%,#8BAE34 100%);background: -webkit-linear-gradient(left,#0076BB 0%,#8BAE34 100%);background: -o-linear-gradient(left,#0076BB 0%,#8BAE34 100%);background: -ms-linear-gradient(left,#0076BB 0%,#8BAE34 100%);background: linear-gradient(left,#0076BB 0%,#8BAE34 100%);&#8221;][vc_column offset=&#8221;vc_col-md-7&#8243;][tm_heading custom_google_font=&#8221;&#8221; font_weight=&#8221;300&#8243; sm_align=&#8221;center&#8221; text_color=&#8221;custom&#8221; custom_text_color=&#8221;#ffffff&#8221; text=&#8221;Specialist consultant in water resources, energy and environment&#8221; font_size=&#8221;lg:28&#8243; line_height=&#8221;1.25&#8243;][tm_spacer size=&#8221;sm:30&#8243;][\/vc_column][vc_column offset=&#8221;vc_col-md-5&#8243;][tm_button style=&#8221;solid&#8221; size=&#8221;custom&#8221; button=&#8221;url:http%3A%2F%2F34.67.96.113%2Fpbh%2Fen%2Fcontacto%2F|title:Contact%20us&#8221; align=&#8221;right&#8221; sm_align=&#8221;center&#8221; color=&#8221;custom&#8221; button_bg_color=&#8221;custom&#8221; font_color=&#8221;custom&#8221; button_border_color=&#8221;custom&#8221; button_bg_color_hover=&#8221;transparent&#8221; font_color_hover=&#8221;custom&#8221; button_border_color_hover=&#8221;custom&#8221; rounded=&#8221;0&#8243; custom_font_color=&#8221;#111111&#8243; custom_button_border_color=&#8221;#ffffff&#8221; box_shadow=&#8221;none&#8221; custom_button_bg_color=&#8221;#ffffff&#8221; custom_button_border_color_hover=&#8221;#ffffff&#8221; custom_font_color_hover=&#8221;#ffffff&#8221; width=&#8221;166&#8243; height=&#8221;55&#8243; border_width=&#8221;2&#8243;][\/vc_column][\/vc_row]<\/p>\n","protected":false},"author":1,"featured_media":0,"parent":0,"menu_order":0,"comment_status":"closed","ping_status":"closed","template":"","meta":{"footnotes":""},"class_list":["post-5542","page","type-page","status-publish","hentry","post-no-thumbnail"],"yoast_head":"<!-- This site is optimized with the Yoast SEO plugin v18.7 - https:\/\/yoast.com\/wordpress\/plugins\/seo\/ -->\n<title>Environment - Wph Consultores<\/title>\n<meta name=\"robots\" content=\"index, follow, max-snippet:-1, max-image-preview:large, max-video-preview:-1\" \/>\n<link rel=\"canonical\" href=\"https:\/\/wphconsultores.cl\/en\/medio-ambiente\/\" \/>\n<meta property=\"og:locale\" content=\"en_US\" \/>\n<meta property=\"og:locale:alternate\" content=\"es_ES\" \/>\n<meta property=\"og:type\" content=\"article\" \/>\n<meta property=\"og:title\" content=\"Environment\" \/>\n<meta property=\"og:description\" content=\"[vc_row full_width=&#8221;stretch_row&#8221; background_color=&#8221;custom&#8221; background_size=&#8221;manual&#8221; overlay_background=&#8221;custom&#8221; overlay_opacity=&#8221;40&#8243; background_image=&#8221;9217&#8243; custom_background_color=&#8221;#222222&#8243; background_position=&#8221;center&#8221; background_size_manual=&#8221;100%&#8221;][vc_column][tm_spacer size=&#8221;sm:150;lg:161&#8243;][tm_heading custom_google_font=&#8221;&#8221; align=&#8221;center&#8221; text_color=&#8221;custom&#8221; custom_text_color=&#8221;#ffffff&#8221; text=&#8221;Environment&#8221; font_size=&#8221;xs:32;sm:40;md:48;lg:56&#8243; line_height=&#8221;1.42&#8243; max_width=&#8221;740px&#8221;][tm_spacer size=&#8221;sm:150;lg:161&#8243;][\/vc_column][\/vc_row][vc_row full_width=&#8221;stretch_row_content_no_spaces&#8221;][vc_column][tm_spacer size=&#8221;sm:100;lg:147&#8243;][tm_services_list items=&#8221;%5B%7B%22image%22%3A%225633%22%2C%22title%22%3A%22Environment%22%2C%22text%22%3A%22%3Cul%3E%5Cn%20%5Ct%3Cli%20style%3D%5C%22font-size%3A18px%3B%5C%22%3EBaseline%20environmental%20evaluation%3A%5Cn%20Meteorology%2C%20hydrologyy%2C%20hydraulics.%3C%2Fli%3E%5Cn%20%5Ct%3Cli%20style%3D%5C%22font-size%3A18px%3B%5C%22%3EEnvironmental%20Permits%20and%20Authorizations%20(PAS%20155%2C%20PAS%20156%2C%20and%20PAS%20157).%5Cn%3C%2Fli%3E%5Cn%20%5Ct%3Cli%20style%3D%5C%22font-size%3A18px%3B%5C%22%3EEcological%20flow%20rates%20analisys%20%20(hydrological%20methods).%5Cn%3C%2Fli%3E%5Cn%20%5Ct%3Cli%20style%3D%5C%22font-size%3A18px%3B%5C%22%3EGeological%2C%20meteorological%2C%20and%20hydraulic%20risks.%20%5Cn%3C%2Fli%3E%5Cn%3C%2Ful%3E%22%7D%2C%7B%22image%22%3A%225725%22%2C%22title%22%3A%22Water%20Rights%20and%20governmental%20authorizations%22%2C%22text%22%3A%22%3Cul%3E%5Cn%20%5Ct%3Cli%20style%3D%5C%22font-size%3A18px%3B%5C%22%3EChannel%20modification%20permits%20(Art.141%20and%20Art.171%20C%C3%B3digo%20de%20Aguas).%5Cn%3C%2Fli%3E%5Cn%20%5Ct%3Cli%20style%3D%5C%22font-size%3A18px%3B%5C%22%3EWater%20resource%20estimate%20(consumptive%20and%20no%20consumptive).%5Cn%3C%2Fli%3E%5Cn%20%5Ct%3Cli%20style%3D%5C%22font-size%3A18px%3B%5C%22%3EHydric%20balance%20accorded%20to%20methodology%20employee%20by%20DGA.%5Cn%3C%2Fli%3E%5Cn%20%5Ct%3Cli%20style%3D%5C%22font-size%3A18px%3B%5C%22%3ETechnical%20Information%20for%20water%20rights%20request.%20%5Cn%3C%2Fli%3E%5Cn%20%5Ct%3Cli%20style%3D%5C%22font-size%3A18px%3B%5C%22%3EWater%20rights%20request%20and%20presentation%20plans.%20%5Cn%3C%2Fli%3E%5Cn%20%5Ct%3Cli%20style%3D%5C%22font-size%3A18px%3B%5C%22%3EWater%20Rights%20purchase%20advice%20(consumptives%20and%20no%20consumptive).%5Cn%3C%2Fli%3E%5Cn%3C%2Ful%3E%22%7D%5D&#8221;][tm_spacer size=&#8221;lg:100&#8243;][\/vc_column][\/vc_row][vc_row full_width=&#8221;stretch_row&#8221; content_placement=&#8221;middle&#8221; background_color=&#8221;gradient&#8221; lg_spacing=&#8221;padding_top:38;padding_bottom:38&#8243; background_gradient=&#8221;background: -webkit-gradient(linear, left top, left bottom, color-stop(0%, #0076BB), color-stop(100%, #8BAE34));background: -moz-linear-gradient(left,#0076BB 0%,#8BAE34 100%);background: -webkit-linear-gradient(left,#0076BB 0%,#8BAE34 100%);background: -o-linear-gradient(left,#0076BB 0%,#8BAE34 100%);background: -ms-linear-gradient(left,#0076BB 0%,#8BAE34 100%);background: linear-gradient(left,#0076BB 0%,#8BAE34 100%);&#8221;][vc_column offset=&#8221;vc_col-md-7&#8243;][tm_heading custom_google_font=&#8221;&#8221; font_weight=&#8221;300&#8243; sm_align=&#8221;center&#8221; text_color=&#8221;custom&#8221; custom_text_color=&#8221;#ffffff&#8221; text=&#8221;Specialist consultant in water resources, energy and environment&#8221; font_size=&#8221;lg:28&#8243; line_height=&#8221;1.25&#8243;][tm_spacer size=&#8221;sm:30&#8243;][\/vc_column][vc_column offset=&#8221;vc_col-md-5&#8243;][tm_button style=&#8221;solid&#8221; size=&#8221;custom&#8221; button=&#8221;url:http%3A%2F%2F34.67.96.113%2Fpbh%2Fen%2Fcontacto%2F|title:Contact%20us&#8221; align=&#8221;right&#8221; sm_align=&#8221;center&#8221; color=&#8221;custom&#8221; button_bg_color=&#8221;custom&#8221; font_color=&#8221;custom&#8221; button_border_color=&#8221;custom&#8221; button_bg_color_hover=&#8221;transparent&#8221; font_color_hover=&#8221;custom&#8221; button_border_color_hover=&#8221;custom&#8221; rounded=&#8221;0&#8243; custom_font_color=&#8221;#111111&#8243; custom_button_border_color=&#8221;#ffffff&#8221; box_shadow=&#8221;none&#8221; custom_button_bg_color=&#8221;#ffffff&#8221; custom_button_border_color_hover=&#8221;#ffffff&#8221; custom_font_color_hover=&#8221;#ffffff&#8221; width=&#8221;166&#8243; height=&#8221;55&#8243; border_width=&#8221;2&#8243;][\/vc_column][\/vc_row]\" \/>\n<meta property=\"og:url\" content=\"https:\/\/wphconsultores.cl\/en\/medio-ambiente\/\" \/>\n<meta property=\"og:site_name\" content=\"Wph Consultores\" \/>\n<meta property=\"article:modified_time\" content=\"2025-12-01T15:55:45+00:00\" \/>\n<meta name=\"twitter:card\" content=\"summary_large_image\" \/>\n<meta name=\"twitter:label1\" content=\"Est. reading time\" \/>\n\t<meta name=\"twitter:data1\" content=\"6 minutes\" \/>\n<script type=\"application\/ld+json\" class=\"yoast-schema-graph\">{\"@context\":\"https:\/\/schema.org\",\"@graph\":[{\"@type\":\"Organization\",\"@id\":\"https:\/\/wphconsultores.cl\/#organization\",\"name\":\"WPH Consultores\",\"url\":\"https:\/\/wphconsultores.cl\/\",\"sameAs\":[\"https:\/\/www.linkedin.com\/company\/77764333\"],\"logo\":{\"@type\":\"ImageObject\",\"inLanguage\":\"en-US\",\"@id\":\"https:\/\/wphconsultores.cl\/#\/schema\/logo\/image\/\",\"url\":\"https:\/\/wphconsultores.cl\/wp-content\/uploads\/2022\/05\/LOGO-WPH_media.jpg\",\"contentUrl\":\"https:\/\/wphconsultores.cl\/wp-content\/uploads\/2022\/05\/LOGO-WPH_media.jpg\",\"width\":603,\"height\":315,\"caption\":\"WPH Consultores\"},\"image\":{\"@id\":\"https:\/\/wphconsultores.cl\/#\/schema\/logo\/image\/\"}},{\"@type\":\"WebSite\",\"@id\":\"https:\/\/wphconsultores.cl\/#website\",\"url\":\"https:\/\/wphconsultores.cl\/\",\"name\":\"Wph Consultores\",\"description\":\"Consultor\u00eda de Ingenier\u00eda en Recursos h\u00eddricos, Energ\u00eda y Medio Ambiente.\",\"publisher\":{\"@id\":\"https:\/\/wphconsultores.cl\/#organization\"},\"potentialAction\":[{\"@type\":\"SearchAction\",\"target\":{\"@type\":\"EntryPoint\",\"urlTemplate\":\"https:\/\/wphconsultores.cl\/?s={search_term_string}\"},\"query-input\":\"required name=search_term_string\"}],\"inLanguage\":\"en-US\"},{\"@type\":\"WebPage\",\"@id\":\"https:\/\/wphconsultores.cl\/medio-ambiente\/#webpage\",\"url\":\"https:\/\/wphconsultores.cl\/medio-ambiente\/\",\"name\":\"Environment\",\"isPartOf\":{\"@id\":\"https:\/\/wphconsultores.cl\/#website\"},\"datePublished\":\"2022-02-15T13:15:52+00:00\",\"dateModified\":\"2025-12-01T15:55:45+00:00\",\"breadcrumb\":{\"@id\":\"https:\/\/wphconsultores.cl\/medio-ambiente\/#breadcrumb\"},\"inLanguage\":\"en-US\",\"potentialAction\":[{\"@type\":\"ReadAction\",\"target\":[\"https:\/\/wphconsultores.cl\/medio-ambiente\/\"]}]},{\"@type\":\"BreadcrumbList\",\"@id\":\"https:\/\/wphconsultores.cl\/medio-ambiente\/#breadcrumb\",\"itemListElement\":[{\"@type\":\"ListItem\",\"position\":1,\"name\":\"Portada\",\"item\":\"https:\/\/wphconsultores.cl\/\"},{\"@type\":\"ListItem\",\"position\":2,\"name\":\"Medio Ambiente\"}]}]}<\/script>\n<!-- \/ Yoast SEO plugin. -->","yoast_head_json":{"title":"Environment - Wph Consultores","robots":{"index":"index","follow":"follow","max-snippet":"max-snippet:-1","max-image-preview":"max-image-preview:large","max-video-preview":"max-video-preview:-1"},"canonical":"https:\/\/wphconsultores.cl\/en\/medio-ambiente\/","og_locale":"en_US","og_type":"article","og_title":"[:en]Environment[:es]Medio Ambiente[:] - Wph Consultores","og_description":"[vc_row full_width=&#8221;stretch_row&#8221; background_color=&#8221;custom&#8221; background_size=&#8221;manual&#8221; overlay_background=&#8221;custom&#8221; overlay_opacity=&#8221;40&#8243; background_image=&#8221;9217&#8243; custom_background_color=&#8221;#222222&#8243; background_position=&#8221;center&#8221; background_size_manual=&#8221;100%&#8221;][vc_column][tm_spacer size=&#8221;sm:150;lg:161&#8243;][tm_heading custom_google_font=&#8221;&#8221; align=&#8221;center&#8221; text_color=&#8221;custom&#8221; custom_text_color=&#8221;#ffffff&#8221; text=&#8221;Environment&#8221; font_size=&#8221;xs:32;sm:40;md:48;lg:56&#8243; line_height=&#8221;1.42&#8243; max_width=&#8221;740px&#8221;][tm_spacer size=&#8221;sm:150;lg:161&#8243;][\/vc_column][\/vc_row][vc_row full_width=&#8221;stretch_row_content_no_spaces&#8221;][vc_column][tm_spacer size=&#8221;sm:100;lg:147&#8243;][tm_services_list items=&#8221;%5B%7B%22image%22%3A%225633%22%2C%22title%22%3A%22Environment%22%2C%22text%22%3A%22%3Cul%3E%5Cn%20%5Ct%3Cli%20style%3D%5C%22font-size%3A18px%3B%5C%22%3EBaseline%20environmental%20evaluation%3A%5Cn%20Meteorology%2C%20hydrologyy%2C%20hydraulics.%3C%2Fli%3E%5Cn%20%5Ct%3Cli%20style%3D%5C%22font-size%3A18px%3B%5C%22%3EEnvironmental%20Permits%20and%20Authorizations%20(PAS%20155%2C%20PAS%20156%2C%20and%20PAS%20157).%5Cn%3C%2Fli%3E%5Cn%20%5Ct%3Cli%20style%3D%5C%22font-size%3A18px%3B%5C%22%3EEcological%20flow%20rates%20analisys%20%20(hydrological%20methods).%5Cn%3C%2Fli%3E%5Cn%20%5Ct%3Cli%20style%3D%5C%22font-size%3A18px%3B%5C%22%3EGeological%2C%20meteorological%2C%20and%20hydraulic%20risks.%20%5Cn%3C%2Fli%3E%5Cn%3C%2Ful%3E%22%7D%2C%7B%22image%22%3A%225725%22%2C%22title%22%3A%22Water%20Rights%20and%20governmental%20authorizations%22%2C%22text%22%3A%22%3Cul%3E%5Cn%20%5Ct%3Cli%20style%3D%5C%22font-size%3A18px%3B%5C%22%3EChannel%20modification%20permits%20(Art.141%20and%20Art.171%20C%C3%B3digo%20de%20Aguas).%5Cn%3C%2Fli%3E%5Cn%20%5Ct%3Cli%20style%3D%5C%22font-size%3A18px%3B%5C%22%3EWater%20resource%20estimate%20(consumptive%20and%20no%20consumptive).%5Cn%3C%2Fli%3E%5Cn%20%5Ct%3Cli%20style%3D%5C%22font-size%3A18px%3B%5C%22%3EHydric%20balance%20accorded%20to%20methodology%20employee%20by%20DGA.%5Cn%3C%2Fli%3E%5Cn%20%5Ct%3Cli%20style%3D%5C%22font-size%3A18px%3B%5C%22%3ETechnical%20Information%20for%20water%20rights%20request.%20%5Cn%3C%2Fli%3E%5Cn%20%5Ct%3Cli%20style%3D%5C%22font-size%3A18px%3B%5C%22%3EWater%20rights%20request%20and%20presentation%20plans.%20%5Cn%3C%2Fli%3E%5Cn%20%5Ct%3Cli%20style%3D%5C%22font-size%3A18px%3B%5C%22%3EWater%20Rights%20purchase%20advice%20(consumptives%20and%20no%20consumptive).%5Cn%3C%2Fli%3E%5Cn%3C%2Ful%3E%22%7D%5D&#8221;][tm_spacer size=&#8221;lg:100&#8243;][\/vc_column][\/vc_row][vc_row full_width=&#8221;stretch_row&#8221; content_placement=&#8221;middle&#8221; background_color=&#8221;gradient&#8221; lg_spacing=&#8221;padding_top:38;padding_bottom:38&#8243; background_gradient=&#8221;background: -webkit-gradient(linear, left top, left bottom, color-stop(0%, #0076BB), color-stop(100%, #8BAE34));background: -moz-linear-gradient(left,#0076BB 0%,#8BAE34 100%);background: -webkit-linear-gradient(left,#0076BB 0%,#8BAE34 100%);background: -o-linear-gradient(left,#0076BB 0%,#8BAE34 100%);background: -ms-linear-gradient(left,#0076BB 0%,#8BAE34 100%);background: linear-gradient(left,#0076BB 0%,#8BAE34 100%);&#8221;][vc_column offset=&#8221;vc_col-md-7&#8243;][tm_heading custom_google_font=&#8221;&#8221; font_weight=&#8221;300&#8243; sm_align=&#8221;center&#8221; text_color=&#8221;custom&#8221; custom_text_color=&#8221;#ffffff&#8221; text=&#8221;Specialist consultant in water resources, energy and environment&#8221; font_size=&#8221;lg:28&#8243; line_height=&#8221;1.25&#8243;][tm_spacer size=&#8221;sm:30&#8243;][\/vc_column][vc_column offset=&#8221;vc_col-md-5&#8243;][tm_button style=&#8221;solid&#8221; size=&#8221;custom&#8221; button=&#8221;url:http%3A%2F%2F34.67.96.113%2Fpbh%2Fen%2Fcontacto%2F|title:Contact%20us&#8221; align=&#8221;right&#8221; sm_align=&#8221;center&#8221; color=&#8221;custom&#8221; button_bg_color=&#8221;custom&#8221; font_color=&#8221;custom&#8221; button_border_color=&#8221;custom&#8221; button_bg_color_hover=&#8221;transparent&#8221; font_color_hover=&#8221;custom&#8221; button_border_color_hover=&#8221;custom&#8221; rounded=&#8221;0&#8243; custom_font_color=&#8221;#111111&#8243; custom_button_border_color=&#8221;#ffffff&#8221; box_shadow=&#8221;none&#8221; custom_button_bg_color=&#8221;#ffffff&#8221; custom_button_border_color_hover=&#8221;#ffffff&#8221; custom_font_color_hover=&#8221;#ffffff&#8221; width=&#8221;166&#8243; height=&#8221;55&#8243; border_width=&#8221;2&#8243;][\/vc_column][\/vc_row]","og_url":"https:\/\/wphconsultores.cl\/en\/medio-ambiente\/","og_site_name":"Wph Consultores","article_modified_time":"2025-12-01T15:55:45+00:00","twitter_card":"summary_large_image","twitter_misc":{"Est. reading time":"6 minutes"},"schema":{"@context":"https:\/\/schema.org","@graph":[{"@type":"Organization","@id":"https:\/\/wphconsultores.cl\/#organization","name":"WPH Consultores","url":"https:\/\/wphconsultores.cl\/","sameAs":["https:\/\/www.linkedin.com\/company\/77764333"],"logo":{"@type":"ImageObject","inLanguage":"en-US","@id":"https:\/\/wphconsultores.cl\/#\/schema\/logo\/image\/","url":"https:\/\/wphconsultores.cl\/wp-content\/uploads\/2022\/05\/LOGO-WPH_media.jpg","contentUrl":"https:\/\/wphconsultores.cl\/wp-content\/uploads\/2022\/05\/LOGO-WPH_media.jpg","width":603,"height":315,"caption":"WPH Consultores"},"image":{"@id":"https:\/\/wphconsultores.cl\/#\/schema\/logo\/image\/"}},{"@type":"WebSite","@id":"https:\/\/wphconsultores.cl\/#website","url":"https:\/\/wphconsultores.cl\/","name":"Wph Consultores","description":"Consultor\u00eda de Ingenier\u00eda en Recursos h\u00eddricos, Energ\u00eda y Medio Ambiente.","publisher":{"@id":"https:\/\/wphconsultores.cl\/#organization"},"potentialAction":[{"@type":"SearchAction","target":{"@type":"EntryPoint","urlTemplate":"https:\/\/wphconsultores.cl\/?s={search_term_string}"},"query-input":"required name=search_term_string"}],"inLanguage":"en-US"},{"@type":"WebPage","@id":"https:\/\/wphconsultores.cl\/medio-ambiente\/#webpage","url":"https:\/\/wphconsultores.cl\/medio-ambiente\/","name":"Environment","isPartOf":{"@id":"https:\/\/wphconsultores.cl\/#website"},"datePublished":"2022-02-15T13:15:52+00:00","dateModified":"2025-12-01T15:55:45+00:00","breadcrumb":{"@id":"https:\/\/wphconsultores.cl\/medio-ambiente\/#breadcrumb"},"inLanguage":"en-US","potentialAction":[{"@type":"ReadAction","target":["https:\/\/wphconsultores.cl\/medio-ambiente\/"]}]},{"@type":"BreadcrumbList","@id":"https:\/\/wphconsultores.cl\/medio-ambiente\/#breadcrumb","itemListElement":[{"@type":"ListItem","position":1,"name":"Portada","item":"https:\/\/wphconsultores.cl\/"},{"@type":"ListItem","position":2,"name":"Medio Ambiente"}]}]}},"_links":{"self":[{"href":"https:\/\/wphconsultores.cl\/en\/wp-json\/wp\/v2\/pages\/5542","targetHints":{"allow":["GET"]}}],"collection":[{"href":"https:\/\/wphconsultores.cl\/en\/wp-json\/wp\/v2\/pages"}],"about":[{"href":"https:\/\/wphconsultores.cl\/en\/wp-json\/wp\/v2\/types\/page"}],"author":[{"embeddable":true,"href":"https:\/\/wphconsultores.cl\/en\/wp-json\/wp\/v2\/users\/1"}],"replies":[{"embeddable":true,"href":"https:\/\/wphconsultores.cl\/en\/wp-json\/wp\/v2\/comments?post=5542"}],"version-history":[{"count":19,"href":"https:\/\/wphconsultores.cl\/en\/wp-json\/wp\/v2\/pages\/5542\/revisions"}],"predecessor-version":[{"id":9663,"href":"https:\/\/wphconsultores.cl\/en\/wp-json\/wp\/v2\/pages\/5542\/revisions\/9663"}],"wp:attachment":[{"href":"https:\/\/wphconsultores.cl\/en\/wp-json\/wp\/v2\/media?parent=5542"}],"curies":[{"name":"wp","href":"https:\/\/api.w.org\/{rel}","templated":true}]}}