{"id":5596,"date":"2022-02-24T02:33:34","date_gmt":"2022-02-24T02:33:34","guid":{"rendered":"https:\/\/wphconsultores.cl\/en\/inicio-english\/"},"modified":"2022-02-24T02:33:34","modified_gmt":"2022-02-24T02:33:34","slug":"inicio-english","status":"publish","type":"page","link":"https:\/\/wphconsultores.cl\/en\/inicio-english\/","title":{"rendered":"Inicio &#8211; English"},"content":{"rendered":"","protected":false},"excerpt":{"rendered":"","protected":false},"author":1,"featured_media":0,"parent":0,"menu_order":0,"comment_status":"closed","ping_status":"closed","template":"","meta":{"footnotes":""},"class_list":["post-5596","page","type-page","status-publish","hentry","post-no-thumbnail"],"yoast_head":"<!-- This site is optimized with the Yoast SEO plugin v18.7 - https:\/\/yoast.com\/wordpress\/plugins\/seo\/ -->\n<title>Inicio - English[:] - Wph Consultores<\/title>\n<meta name=\"robots\" content=\"index, follow, max-snippet:-1, max-image-preview:large, max-video-preview:-1\" \/>\n<link rel=\"canonical\" href=\"https:\/\/wphconsultores.cl\/en\/inicio-english\/\" \/>\n<meta property=\"og:locale\" content=\"en_US\" \/>\n<meta property=\"og:locale:alternate\" content=\"es_ES\" \/>\n<meta property=\"og:type\" content=\"article\" \/>\n<meta property=\"og:title\" content=\"Inicio - English\" \/>\n<meta property=\"og:url\" content=\"https:\/\/wphconsultores.cl\/en\/inicio-english\/\" \/>\n<meta property=\"og:site_name\" content=\"Wph Consultores\" \/>\n<meta name=\"twitter:card\" content=\"summary_large_image\" \/>\n<script type=\"application\/ld+json\" class=\"yoast-schema-graph\">{\"@context\":\"https:\/\/schema.org\",\"@graph\":[{\"@type\":\"Organization\",\"@id\":\"https:\/\/wphconsultores.cl\/#organization\",\"name\":\"WPH Consultores\",\"url\":\"https:\/\/wphconsultores.cl\/\",\"sameAs\":[\"https:\/\/www.linkedin.com\/company\/77764333\"],\"logo\":{\"@type\":\"ImageObject\",\"inLanguage\":\"en-US\",\"@id\":\"https:\/\/wphconsultores.cl\/#\/schema\/logo\/image\/\",\"url\":\"https:\/\/wphconsultores.cl\/wp-content\/uploads\/2022\/05\/LOGO-WPH_media.jpg\",\"contentUrl\":\"https:\/\/wphconsultores.cl\/wp-content\/uploads\/2022\/05\/LOGO-WPH_media.jpg\",\"width\":603,\"height\":315,\"caption\":\"WPH Consultores\"},\"image\":{\"@id\":\"https:\/\/wphconsultores.cl\/#\/schema\/logo\/image\/\"}},{\"@type\":\"WebSite\",\"@id\":\"https:\/\/wphconsultores.cl\/#website\",\"url\":\"https:\/\/wphconsultores.cl\/\",\"name\":\"Wph Consultores\",\"description\":\"Consultor\u00eda de Ingenier\u00eda en Recursos h\u00eddricos, Energ\u00eda y Medio Ambiente.\",\"publisher\":{\"@id\":\"https:\/\/wphconsultores.cl\/#organization\"},\"potentialAction\":[{\"@type\":\"SearchAction\",\"target\":{\"@type\":\"EntryPoint\",\"urlTemplate\":\"https:\/\/wphconsultores.cl\/?s={search_term_string}\"},\"query-input\":\"required name=search_term_string\"}],\"inLanguage\":\"en-US\"},{\"@type\":\"WebPage\",\"@id\":\"https:\/\/wphconsultores.cl\/inicio-english\/#webpage\",\"url\":\"https:\/\/wphconsultores.cl\/inicio-english\/\",\"name\":\"Inicio - English\",\"isPartOf\":{\"@id\":\"https:\/\/wphconsultores.cl\/#website\"},\"datePublished\":\"2022-02-24T02:33:34+00:00\",\"dateModified\":\"2022-02-24T02:33:34+00:00\",\"breadcrumb\":{\"@id\":\"https:\/\/wphconsultores.cl\/inicio-english\/#breadcrumb\"},\"inLanguage\":\"en-US\",\"potentialAction\":[{\"@type\":\"ReadAction\",\"target\":[\"https:\/\/wphconsultores.cl\/inicio-english\/\"]}]},{\"@type\":\"BreadcrumbList\",\"@id\":\"https:\/\/wphconsultores.cl\/inicio-english\/#breadcrumb\",\"itemListElement\":[{\"@type\":\"ListItem\",\"position\":1,\"name\":\"Portada\",\"item\":\"https:\/\/wphconsultores.cl\/\"},{\"@type\":\"ListItem\",\"position\":2,\"name\":\"\"}]}]}<\/script>\n<!-- \/ Yoast SEO plugin. -->","yoast_head_json":{"title":"Inicio - English[:] - Wph Consultores","robots":{"index":"index","follow":"follow","max-snippet":"max-snippet:-1","max-image-preview":"max-image-preview:large","max-video-preview":"max-video-preview:-1"},"canonical":"https:\/\/wphconsultores.cl\/en\/inicio-english\/","og_locale":"en_US","og_type":"article","og_title":"[:en]Inicio - English[:] - Wph Consultores","og_url":"https:\/\/wphconsultores.cl\/en\/inicio-english\/","og_site_name":"Wph Consultores","twitter_card":"summary_large_image","schema":{"@context":"https:\/\/schema.org","@graph":[{"@type":"Organization","@id":"https:\/\/wphconsultores.cl\/#organization","name":"WPH Consultores","url":"https:\/\/wphconsultores.cl\/","sameAs":["https:\/\/www.linkedin.com\/company\/77764333"],"logo":{"@type":"ImageObject","inLanguage":"en-US","@id":"https:\/\/wphconsultores.cl\/#\/schema\/logo\/image\/","url":"https:\/\/wphconsultores.cl\/wp-content\/uploads\/2022\/05\/LOGO-WPH_media.jpg","contentUrl":"https:\/\/wphconsultores.cl\/wp-content\/uploads\/2022\/05\/LOGO-WPH_media.jpg","width":603,"height":315,"caption":"WPH Consultores"},"image":{"@id":"https:\/\/wphconsultores.cl\/#\/schema\/logo\/image\/"}},{"@type":"WebSite","@id":"https:\/\/wphconsultores.cl\/#website","url":"https:\/\/wphconsultores.cl\/","name":"Wph Consultores","description":"Consultor\u00eda de Ingenier\u00eda en Recursos h\u00eddricos, Energ\u00eda y Medio Ambiente.","publisher":{"@id":"https:\/\/wphconsultores.cl\/#organization"},"potentialAction":[{"@type":"SearchAction","target":{"@type":"EntryPoint","urlTemplate":"https:\/\/wphconsultores.cl\/?s={search_term_string}"},"query-input":"required name=search_term_string"}],"inLanguage":"en-US"},{"@type":"WebPage","@id":"https:\/\/wphconsultores.cl\/inicio-english\/#webpage","url":"https:\/\/wphconsultores.cl\/inicio-english\/","name":"Inicio - English","isPartOf":{"@id":"https:\/\/wphconsultores.cl\/#website"},"datePublished":"2022-02-24T02:33:34+00:00","dateModified":"2022-02-24T02:33:34+00:00","breadcrumb":{"@id":"https:\/\/wphconsultores.cl\/inicio-english\/#breadcrumb"},"inLanguage":"en-US","potentialAction":[{"@type":"ReadAction","target":["https:\/\/wphconsultores.cl\/inicio-english\/"]}]},{"@type":"BreadcrumbList","@id":"https:\/\/wphconsultores.cl\/inicio-english\/#breadcrumb","itemListElement":[{"@type":"ListItem","position":1,"name":"Portada","item":"https:\/\/wphconsultores.cl\/"},{"@type":"ListItem","position":2,"name":""}]}]}},"_links":{"self":[{"href":"https:\/\/wphconsultores.cl\/en\/wp-json\/wp\/v2\/pages\/5596","targetHints":{"allow":["GET"]}}],"collection":[{"href":"https:\/\/wphconsultores.cl\/en\/wp-json\/wp\/v2\/pages"}],"about":[{"href":"https:\/\/wphconsultores.cl\/en\/wp-json\/wp\/v2\/types\/page"}],"author":[{"embeddable":true,"href":"https:\/\/wphconsultores.cl\/en\/wp-json\/wp\/v2\/users\/1"}],"replies":[{"embeddable":true,"href":"https:\/\/wphconsultores.cl\/en\/wp-json\/wp\/v2\/comments?post=5596"}],"version-history":[{"count":0,"href":"https:\/\/wphconsultores.cl\/en\/wp-json\/wp\/v2\/pages\/5596\/revisions"}],"wp:attachment":[{"href":"https:\/\/wphconsultores.cl\/en\/wp-json\/wp\/v2\/media?parent=5596"}],"curies":[{"name":"wp","href":"https:\/\/api.w.org\/{rel}","templated":true}]}}